{"id":1288,"date":"2022-01-10T16:13:26","date_gmt":"2022-01-10T19:13:26","guid":{"rendered":"https:\/\/www.tiamartravel.com.ar\/es\/?page_id=1288"},"modified":"2025-03-14T09:01:13","modified_gmt":"2025-03-14T12:01:13","slug":"tours-privados","status":"publish","type":"page","link":"https:\/\/www.tiamartravel.com.ar\/es\/tours-privados\/","title":{"rendered":"Tours Privados"},"content":{"rendered":"<p>[et_pb_section fb_built=\u00bb1&#8243; _builder_version=\u00bb4.16&#8243; _module_preset=\u00bbdefault\u00bb background_color=\u00bbrgba(0,0,0,0.08)\u00bb custom_padding=\u00bb0px||0px||false|false\u00bb global_colors_info=\u00bb{}\u00bb][et_pb_row _builder_version=\u00bb4.16&#8243; _module_preset=\u00bbdefault\u00bb custom_margin=\u00bb|auto|-5px|auto||\u00bb custom_padding=\u00bb4px||2px|||\u00bb global_colors_info=\u00bb{}\u00bb][et_pb_column type=\u00bb4_4&#8243; _builder_version=\u00bb4.16&#8243; _module_preset=\u00bbdefault\u00bb global_colors_info=\u00bb{}\u00bb][et_pb_text _builder_version=\u00bb4.20.4&#8243; _module_preset=\u00bbdefault\u00bb link_font=\u00bb|600|||||||\u00bb link_text_color=\u00bb#000000&#8243; custom_padding=\u00bb12px||11px|||\u00bb hover_enabled=\u00bb0&#8243; global_colors_info=\u00bb{}\u00bb sticky_enabled=\u00bb0&#8243;]<a href=\"https:\/\/www.tiamartravel.com.ar\/es\/\">Home<\/a> \/ <a>Experiencias<\/a>[\/et_pb_text][\/et_pb_column][\/et_pb_row][\/et_pb_section][et_pb_section fb_built=\u00bb1&#8243; custom_padding_last_edited=\u00bbon|desktop\u00bb disabled_on=\u00bbon|on|off\u00bb _builder_version=\u00bb4.20.4&#8243; background_image=\u00bbhttps:\/\/www.tiamartravel.com.ar\/es\/wp-content\/uploads\/2023\/04\/portada-exc-4.jpg\u00bb custom_margin=\u00bb||||false|false\u00bb custom_margin_tablet=\u00bb\u00bb custom_margin_phone=\u00bb\u00bb custom_margin_last_edited=\u00bbon|desktop\u00bb custom_padding=\u00bb122px||122px||true|false\u00bb custom_padding_tablet=\u00bb78px||78px||true|false\u00bb custom_padding_phone=\u00bb48px||48px||true|false\u00bb global_colors_info=\u00bb{}\u00bb custom_margin__hover_enabled=\u00bboff|desktop\u00bb][et_pb_row use_custom_gutter=\u00bbon\u00bb gutter_width=\u00bb1&#8243; _builder_version=\u00bb4.16&#8243; width=\u00bb90%\u00bb global_colors_info=\u00bb{}\u00bb][et_pb_column type=\u00bb4_4&#8243; _builder_version=\u00bb4.16&#8243; global_colors_info=\u00bb{}\u00bb][et_pb_text _builder_version=\u00bb4.20.4&#8243; _module_preset=\u00bbdefault\u00bb text_font=\u00bb|||on|||||\u00bb text_text_color=\u00bb#FFFFFF\u00bb text_font_size=\u00bb33px\u00bb custom_padding=\u00bb||33px|21px|false|false\u00bb hover_enabled=\u00bb0&#8243; text_text_shadow_style=\u00bbpreset1&#8243; global_colors_info=\u00bb{}\u00bb sticky_enabled=\u00bb0&#8243;]EXPERIENCIAS[\/et_pb_text][et_pb_button button_url=\u00bbhttps:\/\/www.tiamartravel.com.ar\/es\/\u00bb button_text=\u00bbHome\u00bb admin_label=\u00bbBot\u00f3n\u00bb _builder_version=\u00bb4.20.4&#8243; custom_button=\u00bbon\u00bb button_text_size=\u00bb18px\u00bb button_text_color=\u00bb#FFFFFF\u00bb button_bg_color=\u00bb#0C71C3&#8243; button_border_width=\u00bb0px\u00bb button_font=\u00bb|600|||||||\u00bb button_icon=\u00bb&#x48;||divi||400&#8243; button_icon_color=\u00bb#FFFFFF\u00bb button_icon_placement=\u00bbleft\u00bb button_on_hover=\u00bboff\u00bb custom_margin=\u00bb0px|||21px|false|false\u00bb button_text_color_last_edited=\u00bboff|tablet\u00bb button_bg_color_last_edited=\u00bboff|desktop\u00bb global_colors_info=\u00bb{}\u00bb][\/et_pb_button][\/et_pb_column][\/et_pb_row][\/et_pb_section][et_pb_section fb_built=\u00bb1&#8243; disabled_on=\u00bboff|off|on\u00bb _builder_version=\u00bb4.16&#8243; custom_padding=\u00bb0px||0px||false|false\u00bb collapsed=\u00bboff\u00bb global_colors_info=\u00bb{}\u00bb][et_pb_row make_equal=\u00bbon\u00bb _builder_version=\u00bb4.20.4&#8243; background_image=\u00bbhttps:\/\/www.tiamartravel.com.ar\/es\/wp-content\/uploads\/2023\/04\/portada-exc-4.jpg\u00bb width=\u00bb100%\u00bb custom_padding=\u00bb||27px|||\u00bb global_colors_info=\u00bb{}\u00bb][et_pb_column type=\u00bb4_4&#8243; _builder_version=\u00bb4.16&#8243; global_colors_info=\u00bb{}\u00bb][et_pb_button button_url=\u00bbhttps:\/\/www.tiamartravel.com.ar\/es\/\u00bb button_text=\u00bbHome\u00bb _builder_version=\u00bb4.20.4&#8243; custom_button=\u00bbon\u00bb button_text_size=\u00bb18px\u00bb button_text_color=\u00bb#FFFFFF\u00bb button_bg_color=\u00bb#0C71C3&#8243; button_border_width=\u00bb0px\u00bb button_font=\u00bb|600|||||||\u00bb button_icon=\u00bb&#x48;||divi||400&#8243; button_icon_color=\u00bb#ffffff\u00bb button_icon_placement=\u00bbleft\u00bb button_on_hover=\u00bboff\u00bb custom_margin=\u00bb95px|||21px|false|false\u00bb button_text_color_last_edited=\u00bboff|tablet\u00bb button_bg_color_last_edited=\u00bboff|desktop\u00bb global_colors_info=\u00bb{}\u00bb][\/et_pb_button][\/et_pb_column][\/et_pb_row][\/et_pb_section][et_pb_section fb_built=\u00bb1&#8243; admin_label=\u00bbsection\u00bb module_id=\u00bbExcursiones\u00bb _builder_version=\u00bb4.19.0&#8243; custom_padding=\u00bb0px||0px||false|false\u00bb global_colors_info=\u00bb{}\u00bb][et_pb_row _builder_version=\u00bb4.20.2&#8243; _module_preset=\u00bbdefault\u00bb width=\u00bb95%\u00bb custom_padding=\u00bb22px|||||\u00bb global_colors_info=\u00bb{}\u00bb][et_pb_column type=\u00bb4_4&#8243; _builder_version=\u00bb4.19.0&#8243; _module_preset=\u00bbdefault\u00bb global_colors_info=\u00bb{}\u00bb][dpdfg_filtergrid custom_query=\u00bbadvanced\u00bb multiple_cpt=\u00bbproduct\u00bb post_number=\u00bb50&#8243; order=\u00bbASC\u00bb show_author=\u00bboff\u00bb show_content=\u00bbon\u00bb multilevel=\u00bbon\u00bb filter_terms=\u00bb26&#8243; default_filter=\u00bb26&#8243; items_layout=\u00bbdp-dfg-layout-list\u00bb thumb_width=\u00bb9%\u00bb use_overlay_icon=\u00bboff\u00bb hover_overlay_color=\u00bbrgba(224,153,0,0)\u00bb show_price=\u00bbon\u00bb show_ratings=\u00bbon\u00bb ratings_output=\u00bbstarsandtext\u00bb rating_color=\u00bb#E06100&#8243; show_dimensions=\u00bbon\u00bb _builder_version=\u00bb4.20.2&#8243; _module_preset=\u00bbdefault\u00bb dpdfg_entry_title_font=\u00bb|600||||on|||\u00bb dpdfg_entry_title_text_align=\u00bbleft\u00bb dpdfg_entry_title_text_color=\u00bb#E06100&#8243; dpdfg_entry_title_line_height=\u00bb1.3em\u00bb dpdfg_entry_summary_font=\u00bb|300|||||||\u00bb dpdfg_entry_summary_text_color=\u00bb#000000&#8243; dpdfg_entry_summary_font_size=\u00bb16px\u00bb dpdfg_entry_custom_text_color=\u00bb#000000&#8243; dpdfg_woo_price_font=\u00bb|600|||||||\u00bb dpdfg_woo_price_text_color=\u00bb#474747&#8243; dpdfg_woo_price_font_size=\u00bb18px\u00bb dpdfg_woo_price_line_height=\u00bb1em\u00bb dpdfg_woo_description_font=\u00bb||||||||\u00bb dpdfg_woo_description_font_size=\u00bb18px\u00bb custom_action_button=\u00bbon\u00bb custom_margin=\u00bb||||false|false\u00bb custom_padding=\u00bb||||false|false\u00bb border_radii=\u00bbon|8px|8px|8px|8px\u00bb box_shadow_style=\u00bbpreset3&#8243; global_colors_info=\u00bb{}\u00bb][\/dpdfg_filtergrid][\/et_pb_column][\/et_pb_row][\/et_pb_section]<\/p>\n","protected":false},"excerpt":{"rendered":"<p>Home \/ ExperienciasEXPERIENCIAS<div class=\"et_pb_module dpdfg_filtergrid dpdfg_filtergrid_0\">\n\t\t\t\t\n\t\t\t\t\n\t\t\t\t\n\t\t\t\t\n\t\t\t\t\n\t\t\t\t\n\t\t\t\t<div class=\"et_pb_module_inner\">\n\t\t\t\t\t<!-- DPDFG Start Main Container --><div class=\"dp-dfg-container dp-dfg-layout-list dp-dfg-skin-default\" data-active-filter=\"26\" data-page=\"1\" data-found-posts=\"6\" data-post-number=\"50\" data-default-filter=\"26\" data-link-filter=\"\" data-cache=\"off\" data-ratio=\"0.71\" data-show-thumb=\"on\" data-action=\"link\" data-new-window=\"off\" data-multifilter=\"off|OR\" data-multilevel=\"on|AND|off\" data-doing-ajax=\"off\" data-module=\"dpdfg_filtergrid_0\" data-search=\"off\" data-search-position=\"above\" data-filters=\"on\" data-terms-tags=\"on\" data-pagination=\"on\" data-filter-method=\"default\" data-third-party=\"\" data-lightbox=\"on|||\"><div class=\"dp-dfg-filters dp-dfg-filters-buttons-layout\" data-layout=\"button\" data-orderby=\"id\" data-hierarchy-levels=\"off\"><\/div><!-- DPDFG End Filters Container --><div class=\"dp-dfg-items\"><article id=\"post-1315\" class=\"dp-dfg-item post-1315 product type-product status-publish has-post-thumbnail product_cat-tours-privados first instock virtual purchasable product-type-phive_booking \"     data-position=\"0\"   data-new-tab=\"off\"   data-action-priority=\"item\"><figure class=\"dp-dfg-image entry-thumb\"><a href=\"https:\/\/www.tiamartravel.com.ar\/es\/producto\/tolar-grande-3-dias-2-noches\/\" class=\"dp-dfg-image-link\" ><img loading=\"lazy\" decoding=\"async\" class=\"dp-dfg-featured-image\" src=\"https:\/\/www.tiamartravel.com.ar\/es\/wp-content\/uploads\/2022\/01\/tolar-gg.jpg\" alt=\"TOLAR GRANDE 3 D\u00cdAS \/ 2 NOCHES\" width=\"285\" height=\"177\" data-ratio=\"0.62105263157895\"\/><\/a><\/figure><div class=\"dp-dfg-overlay\"><span class=\"dfg_et_overlay\" ><\/span><\/div><div class=\"dp-dfg-header entry-header\"><h2 class=\"entry-title\">TOLAR GRANDE 3 D\u00cdAS \/ 2 NOCHES<\/h2><\/div><div class=\"dp-dfg-meta entry-meta\"><\/div><div class=\"dp-dfg-woo-product-data\" data-gallery=\"off\"><div class=\"dp-dfg-product-price\"><span class=\"woocommerce-Price-amount amount\"><bdi><span class=\"woocommerce-Price-currencySymbol\">ARS$<\/span>&nbsp;517.500<\/bdi><\/span><\/div><div class=\"dp-dfg-product-rating\"><div class=\"dp-dfg-star-rating\" role=\"img\" aria-label=\"Rated 5.00 out of 5\"><span class=\"dp-dfg-empty-stars\"><\/span><span class=\"dp-dfg-full-stars\" style=\"width:100%\"><\/span><\/div><div class=\"dp-dfg-text-rating\"><span style=\"width:100%\">Valorado con <strong class=\"rating\">5.00<\/strong> de 5 en base a <span class=\"rating\">1<\/span> valoraci\u00f3n de un cliente<\/span><\/div><\/div><\/div><div class=\"dp-dfg-content entry-summary\">Duraci\u00f3n Del Tour: D\u00edas 3\r\nDistancia Recorrida: 950 km aprox.\r\nPartida de Salta: 07:30 hs. del primer d\u00eda desde el sitio de alojamiento.\r\nLlegada a Salta: 18:00 hs. aprox. del tercer d\u00eda al sitio de alojamiento.\r\nM\u00ednimo de 4 Pasajeros<\/div><\/article><!-- DPDFG End Post Item Container --><article id=\"post-1319\" class=\"dp-dfg-item post-1319 product type-product status-publish has-post-thumbnail product_cat-tours-privados  instock virtual purchasable product-type-phive_booking \"     data-position=\"1\"   data-new-tab=\"off\"   data-action-priority=\"item\"><figure class=\"dp-dfg-image entry-thumb\"><a href=\"https:\/\/www.tiamartravel.com.ar\/es\/producto\/vuelta-a-los-valles-calchaquies-2-dias-1-noche\/\" class=\"dp-dfg-image-link\" ><img loading=\"lazy\" decoding=\"async\" class=\"dp-dfg-featured-image\" src=\"https:\/\/www.tiamartravel.com.ar\/es\/wp-content\/uploads\/2022\/01\/VUELTA-LOS-VALLES-400x284.png\" alt=\"VUELTA A LOS VALLES CALCHAQUIES 2 D\u00cdAS \/ 1 NOCHE\" width=\"400\" height=\"284\" data-ratio=\"0.71\"\/><\/a><\/figure><div class=\"dp-dfg-overlay\"><span class=\"dfg_et_overlay\" ><\/span><\/div><div class=\"dp-dfg-header entry-header\"><h2 class=\"entry-title\">VUELTA A LOS VALLES CALCHAQUIES 2 D\u00cdAS \/ 1 NOCHE<\/h2><\/div><div class=\"dp-dfg-meta entry-meta\"><\/div><div class=\"dp-dfg-woo-product-data\" data-gallery=\"off\"><div class=\"dp-dfg-product-price\"><span class=\"woocommerce-Price-amount amount\"><bdi><span class=\"woocommerce-Price-currencySymbol\">ARS$<\/span>&nbsp;316.200<\/bdi><\/span><\/div><div class=\"dp-dfg-product-rating\"><div class=\"dp-dfg-star-rating\" role=\"img\" aria-label=\"Rated 5.00 out of 5\"><span class=\"dp-dfg-empty-stars\"><\/span><span class=\"dp-dfg-full-stars\" style=\"width:100%\"><\/span><\/div><div class=\"dp-dfg-text-rating\"><span style=\"width:100%\">Valorado con <strong class=\"rating\">5.00<\/strong> de 5 en base a <span class=\"rating\">1<\/span> valoraci\u00f3n de un cliente<\/span><\/div><\/div><\/div><div class=\"dp-dfg-content entry-summary\">Duraci\u00f3n Del Tour: 2 D\u00edas \/ 1 noche\r\nDistancia Recorrida: 520 km aprox.\r\nPartida de Salta: 07:00 hs. del primer d\u00eda desde el sitio de alojamiento (dentro del\r\nmacrocentro).\r\nLlegada a Salta: 18:00 hs. aprox. del tercer d\u00eda al sitio de alojamiento\r\nM\u00ednimo de 4 Pasajeros<\/div><\/article><!-- DPDFG End Post Item Container --><article id=\"post-1373\" class=\"dp-dfg-item post-1373 product type-product status-publish has-post-thumbnail product_cat-tours-privados  instock virtual purchasable product-type-phive_booking \"     data-position=\"2\"   data-new-tab=\"off\"   data-action-priority=\"item\"><figure class=\"dp-dfg-image entry-thumb\"><a href=\"https:\/\/www.tiamartravel.com.ar\/es\/producto\/iruya-1-dia\/\" class=\"dp-dfg-image-link\" ><img loading=\"lazy\" decoding=\"async\" class=\"dp-dfg-featured-image\" src=\"https:\/\/www.tiamartravel.com.ar\/es\/wp-content\/uploads\/2022\/01\/IRUYA-400x284.jpg\" alt=\"IRUYA 1 DIA\" width=\"400\" height=\"284\" data-ratio=\"0.71\"\/><\/a><\/figure><div class=\"dp-dfg-overlay\"><span class=\"dfg_et_overlay\" ><\/span><\/div><div class=\"dp-dfg-header entry-header\"><h2 class=\"entry-title\">IRUYA 1 DIA<\/h2><\/div><div class=\"dp-dfg-meta entry-meta\"><\/div><div class=\"dp-dfg-woo-product-data\" data-gallery=\"off\"><div class=\"dp-dfg-product-price\"><span class=\"woocommerce-Price-amount amount\"><bdi><span class=\"woocommerce-Price-currencySymbol\">ARS$<\/span>&nbsp;184.000<\/bdi><\/span><\/div><\/div><div class=\"dp-dfg-content entry-summary\">Duraci\u00f3n Del Tour: 1 Dia\r\nDistancia Recorrida: 680\u00a0km aprox.\r\nPartida de Salta: 06:30 hs. del primer d\u00eda desde el sitio de alojamiento (dentro del microcentro).\r\nLlegada a Salta:\r\nM\u00ednimo de 4 Pasajeros<\/div><\/article><!-- DPDFG End Post Item Container --><article id=\"post-1504\" class=\"dp-dfg-item post-1504 product type-product status-publish has-post-thumbnail product_cat-tours-privados last instock virtual purchasable product-type-phive_booking \"     data-position=\"3\"   data-new-tab=\"off\"   data-action-priority=\"item\"><figure class=\"dp-dfg-image entry-thumb\"><a href=\"https:\/\/www.tiamartravel.com.ar\/es\/producto\/cafayate-con-bodega-piatelli\/\" class=\"dp-dfg-image-link\" ><img loading=\"lazy\" decoding=\"async\" class=\"dp-dfg-featured-image\" src=\"https:\/\/www.tiamartravel.com.ar\/es\/wp-content\/uploads\/2022\/01\/cafa-con-piatelli-4-400x284.jpg\" alt=\"CAFAYATE CON BODEGA PIATELLI\" width=\"400\" height=\"284\" data-ratio=\"0.71\"\/><\/a><\/figure><div class=\"dp-dfg-overlay\"><span class=\"dfg_et_overlay\" ><\/span><\/div><div class=\"dp-dfg-header entry-header\"><h2 class=\"entry-title\">CAFAYATE CON BODEGA PIATELLI<\/h2><\/div><div class=\"dp-dfg-meta entry-meta\"><\/div><div class=\"dp-dfg-woo-product-data\" data-gallery=\"off\"><div class=\"dp-dfg-product-price\"><span class=\"woocommerce-Price-amount amount\"><bdi><span class=\"woocommerce-Price-currencySymbol\">ARS$<\/span>&nbsp;132.200<\/bdi><\/span><\/div><\/div><div class=\"dp-dfg-content entry-summary\">Duraci\u00f3n Del Tour: 1 Dia\r\nDistancia Recorrida: 680\u00a0km aprox.\r\nPartida de Salta: 06:30 hs. del primer d\u00eda desde el sitio de alojamiento (dentro del macrocentro).\r\nDisponible en Espa\u00f1ol - Ingl\u00e9s - Franc\u00e9s\r\nMinimo de 4 Pasajeros<\/div><\/article><!-- DPDFG End Post Item Container --><article id=\"post-1505\" class=\"dp-dfg-item post-1505 product type-product status-publish has-post-thumbnail product_cat-tours-privados first instock virtual purchasable product-type-phive_booking \"     data-position=\"4\"   data-new-tab=\"off\"   data-action-priority=\"item\"><figure class=\"dp-dfg-image entry-thumb\"><a href=\"https:\/\/www.tiamartravel.com.ar\/es\/producto\/iruya-2-dias\/\" class=\"dp-dfg-image-link\" ><img loading=\"lazy\" decoding=\"async\" class=\"dp-dfg-featured-image\" src=\"https:\/\/www.tiamartravel.com.ar\/es\/wp-content\/uploads\/2022\/01\/IRUYA-2-DIAS-400x284.jpg\" alt=\"IRUYA 2 DIAS\" width=\"400\" height=\"284\" data-ratio=\"0.71\"\/><\/a><\/figure><div class=\"dp-dfg-overlay\"><span class=\"dfg_et_overlay\" ><\/span><\/div><div class=\"dp-dfg-header entry-header\"><h2 class=\"entry-title\">IRUYA 2 DIAS<\/h2><\/div><div class=\"dp-dfg-meta entry-meta\"><\/div><div class=\"dp-dfg-woo-product-data\" data-gallery=\"off\"><div class=\"dp-dfg-product-price\"><span class=\"woocommerce-Price-amount amount\"><bdi><span class=\"woocommerce-Price-currencySymbol\">ARS$<\/span>&nbsp;339.200<\/bdi><\/span><\/div><\/div><div class=\"dp-dfg-content entry-summary\">Duraci\u00f3n Del Tour: 2 Dias\r\nDistancia Recorrida: 680\u00a0km aprox.\r\nPartida de Salta: 06:30 hs. del primer d\u00eda desde el sitio de alojamiento (dentro del macrocentro).\r\nDisponible en Espa\u00f1ol - Ingl\u00e9s - Franc\u00e9s\r\nMinimo de 4 Pasajeros<\/div><\/article><!-- DPDFG End Post Item Container --><article id=\"post-2033\" class=\"dp-dfg-item post-2033 product type-product status-publish has-post-thumbnail product_cat-tours-privados  instock virtual purchasable product-type-phive_booking \"     data-position=\"5\"   data-new-tab=\"off\"   data-action-priority=\"item\"><figure class=\"dp-dfg-image entry-thumb\"><a href=\"https:\/\/www.tiamartravel.com.ar\/es\/producto\/iruya-hornocal\/\" class=\"dp-dfg-image-link\" ><img loading=\"lazy\" decoding=\"async\" class=\"dp-dfg-featured-image\" src=\"https:\/\/www.tiamartravel.com.ar\/es\/wp-content\/uploads\/2022\/04\/combo-iruyahornocal-400x284.png\" alt=\"IRUYA + HORNOCAL\" width=\"400\" height=\"284\" data-ratio=\"0.71\"\/><\/a><\/figure><div class=\"dp-dfg-overlay\"><span class=\"dfg_et_overlay\" ><\/span><\/div><div class=\"dp-dfg-header entry-header\"><h2 class=\"entry-title\">IRUYA + HORNOCAL<\/h2><\/div><div class=\"dp-dfg-meta entry-meta\"><\/div><div class=\"dp-dfg-woo-product-data\" data-gallery=\"off\"><div class=\"dp-dfg-product-price\"><span class=\"woocommerce-Price-amount amount\"><bdi><span class=\"woocommerce-Price-currencySymbol\">ARS$<\/span>&nbsp;230.000<\/bdi><\/span><\/div><\/div><div class=\"dp-dfg-content entry-summary\">Duraci\u00f3n Del Tour: 1 Dia\r\nDistancia Recorrida: 680\u00a0km aprox.\r\nPartida de Salta: 06:30 hs. del primer d\u00eda desde el sitio de alojamiento (dentro del microcentro).\r\nDisponible en Espa\u00f1ol - Ingl\u00e9s - Franc\u00e9s\r\nMinimo de 4 Pasajeros<\/div><\/article><!-- DPDFG End Post Item Container --><\/div><!-- DPDFG End Posts Items Container --><div class=\"dp-dfg-pagination\" data-base-url=\"\/es\/wp-json\/wp\/v2\/s\/1288\" data-url-args=\"\"><ul class=\"pagination  dp-dfg-hide\"><li class=\"pagination-item previous-posts dp-dfg-direction  dp-dfg-hide\"><a href=\"\/es\/wp-json\/wp\/v2\/s\/1288\/page\/1\/\" data-page=\"1\" class=\"pagination-link\"><span class=\"et-pb-icon\">&#x34;<\/span> <\/a><\/li><li class=\"pagination-item active\"><a href=\"\/es\/wp-json\/wp\/v2\/s\/1288\/page\/1\/\" data-page=\"1\" class=\"pagination-link dp-dfg-page\">1<\/a><\/li><li class=\"pagination-item next-posts dp-dfg-direction  dp-dfg-hide\"><a href=\"\/es\/wp-json\/wp\/v2\/s\/1288\/page\/1\/\" data-page=\"1\" class=\"pagination-link\">  <span class=\"et-pb-icon\">&#x35;<\/span><\/a><\/li><\/ul><\/div><!-- DPDFG End Pagination Container --><\/div><!-- DPDFG End Main Container -->\n\t\t\t\t<\/div>\n\t\t\t<\/div><\/p>\n","protected":false},"author":2,"featured_media":0,"parent":0,"menu_order":0,"comment_status":"closed","ping_status":"closed","template":"","meta":{"_et_pb_use_builder":"on","_et_pb_old_content":"","_et_gb_content_width":"","footnotes":""},"_links":{"self":[{"href":"https:\/\/www.tiamartravel.com.ar\/es\/wp-json\/wp\/v2\/pages\/1288"}],"collection":[{"href":"https:\/\/www.tiamartravel.com.ar\/es\/wp-json\/wp\/v2\/pages"}],"about":[{"href":"https:\/\/www.tiamartravel.com.ar\/es\/wp-json\/wp\/v2\/types\/page"}],"author":[{"embeddable":true,"href":"https:\/\/www.tiamartravel.com.ar\/es\/wp-json\/wp\/v2\/users\/2"}],"replies":[{"embeddable":true,"href":"https:\/\/www.tiamartravel.com.ar\/es\/wp-json\/wp\/v2\/comments?post=1288"}],"version-history":[{"count":6,"href":"https:\/\/www.tiamartravel.com.ar\/es\/wp-json\/wp\/v2\/pages\/1288\/revisions"}],"predecessor-version":[{"id":8930,"href":"https:\/\/www.tiamartravel.com.ar\/es\/wp-json\/wp\/v2\/pages\/1288\/revisions\/8930"}],"wp:attachment":[{"href":"https:\/\/www.tiamartravel.com.ar\/es\/wp-json\/wp\/v2\/media?parent=1288"}],"curies":[{"name":"wp","href":"https:\/\/api.w.org\/{rel}","templated":true}]}}