{"id":14480,"date":"2026-05-07T09:36:36","date_gmt":"2026-05-07T12:36:36","guid":{"rendered":"https:\/\/www.tiamartravel.com.ar\/es\/?post_type=product&#038;p=14480"},"modified":"2026-05-07T09:44:42","modified_gmt":"2026-05-07T12:44:42","slug":"reserva-ticket-tren-a-las-nubes-bus-tren-bus-residente-arg-adulto-julio-a-septiembre-2026","status":"publish","type":"product","link":"https:\/\/www.tiamartravel.com.ar\/es\/producto\/reserva-ticket-tren-a-las-nubes-bus-tren-bus-residente-arg-adulto-julio-a-septiembre-2026\/","title":{"rendered":"RESERVA TICKET TREN A LAS NUBES (Bus\/Tren\/Bus) RESIDENTE ARG ADULTO &#8211; JULIO A SEPTIEMBRE 2026"},"content":{"rendered":"<section id=\"itinerario\"><\/section>\n<h3>Itinerario<\/h3>\n<p><strong>SERVICIO BUS-TREN-BUS:<\/strong> Salidas: Martes \/ Jueves \/ S\u00e1bados<br \/>\n<strong>Duraci\u00f3n:<\/strong> 15 horas aprox<br \/>\n<strong>Recorrido total: <\/strong>440 km<br \/>\n<strong>Altura m\u00e1xima: <\/strong>4220 msnm<br \/>\n<strong>Idiomas Disponibles:<\/strong> Espa\u00f1ol<br \/>\n<strong>Salida:<\/strong> Desde la Estaci\u00f3n de Trenes de Salta &#8211; Calle Ameghino y Balcarce (Ameghino 699)<\/p>\n<hr \/>\n<section id=\"descripcion\"><\/section>\n<p>&nbsp;<\/p>\n<h1><span style=\"color: #ff6600\"><em><strong>TARIFAS PARA VIAJAR DE JULIO A SEPTIEMBRE 2026<\/strong><\/em><\/span><\/h1>\n<h3><span style=\"color: #ff6600\"><em><strong>Tarifas validas desde el 01 de JULIO A 30 de SEPTIEMBRE 2026<\/strong><\/em><\/span><\/h3>\n<h2><span style=\"color: #ff6600\"><b>Promociones Efectivo \/ Transferencias \/ 1 Cuota<\/b><\/span><\/h2>\n<h2><span style=\"color: #ff6600\"><b>$210.000 (Tarifa Adulto Argentino Residente)<\/b><\/span><\/h2>\n<p>Tarifa Promocional v\u00e1lida para pagos en Efectivo \/ Debito \/\u00a0 Dep\u00f3sito \/ Transferencia Bancaria (Opci\u00f3n Solo valida para Cuentas Argentinas en Pesos Argentinos). <strong><i>TARIFAS VALIDAS DESDE EL 01 de JULIO Hasta 30 de SEPTIEMBRE 2026<\/i><\/strong>. Aplica a Reservas Realizadas con 3 (Tres) D\u00edas de Anticipaci\u00f3n a la Realizaci\u00f3n del Servicio.<\/p>\n<ul>\n<li>\n<h2><span style=\"color: #3366ff\"><b>PROMO 3 CUOTAS FIJAS (3 Cuotas de $79.100)<\/b><\/span><\/h2>\n<\/li>\n<\/ul>\n<p><b><\/b><b>Promoci\u00f3n para Pagos en 3 Cuotas Fijas de $79.100 (TOTAL $237.300 Aplica a Plan CUOTA MiPyME 3 Aplica a Plan CUOTA MiPyME 3 con Tarjetas Visa \/ MasterCard \/ American Express \/ Cabal Bancarizadas)<\/b><\/p>\n<ul>\n<li>\n<h2><span style=\"color: #3366ff\"><strong>PROMO 6 CUOTAS FIJAS (6\u00a0 Cuotas de $44.100)\u00a0<\/strong><\/span><\/h2>\n<\/li>\n<\/ul>\n<p><b>Promoci\u00f3n para Pagos en 3 Cuotas Fijas de $44.100 (TOTAL $264.600 Aplica a Plan CUOTA MiPyME 3 Aplica a Plan CUOTA MiPyME 3 con Tarjetas Visa \/ MasterCard \/ American Express \/ Cabal Bancarizadas)<\/b><\/p>\n<p><em><strong>PARA PODER ACCEDER A ESTA TARIFA PROMOCIONAL SOLICITAR POR WHATSAPP LOS DATOS DE CUENTA BANCARIA O BOTON DE PAGO<\/strong><\/em><\/p>\n<p><strong><i>TARIFAS VALIDAS DESDE 01 DE JULIO HASTA 30 DE SEPTIEMBRE 2026<\/i><\/strong><\/p>\n<p>&nbsp;<\/p>\n<hr \/>\n<section id=\"servicios\"><\/section>\n<h3>Servicios<\/h3>\n<p><strong>Incluye<\/strong><br \/>\nRecepci\u00f3n del pasajero.<br \/>\nEntrega del programa de viaje.<br \/>\nGuiado a cargo de anfitriones en carretera.<br \/>\nTraslado a San Antonio de los Cobres (SAC) en bus.<br \/>\nDesayuno campestre que consta de infusiones y aperitivos regionales (Fundaci\u00f3n Alfarcito).<br \/>\nGuiado a bordo del Tren a las Nubes a cargo de anfitriones.<br \/>\nCeremonia a la bandera en el Viaducto La Polvorilla.<br \/>\nTraslado desde Estaci\u00f3n SAC a los puntos de encuentro en el centro del pueblo.<br \/>\nTraslado desde SAC a la Ciudad de Salta.<br \/>\nMerienda<br \/>\nServicio de limpieza a bordo del Tren.<br \/>\nSeguridad a bordo del Tren.<br \/>\nBus de respaldo.<\/p>\n<p><strong>Coberturas<\/strong><br \/>\nAsistencia m\u00e9dica en carretera y a bordo del Tren a cargo de personal del SAMEC.<br \/>\nSeguimiento v\u00eda carretera de camionetas 4\u00d74.<br \/>\nLa empresa posee un plan de contingencias con participaci\u00f3n del sector p\u00fablico y privado.<br \/>\nCada pasajero cuenta con una cobertura m\u00e9dica en caso de imprevistos.<\/p>\n<hr \/>\n<section id=\"promos\"><\/section>\n<h3>Descripci\u00f3n<\/h3>\n<ul>\n<li><strong>Horario de Salida: Opci\u00f3n 1<\/strong> \u2013 Debe estar en la estaci\u00f3n de Trenes de Salta a las 06:00 am \/ Horario de Regreso: 21:00 hs Aprox (Primera Salida del Tren)<\/li>\n<\/ul>\n<p>Proponemos un viaje \u00fanico y especial que combina sus servicios en dos tramos: Ruta nacional 51, con paradas fotogr\u00e1ficas en puntos panor\u00e1micos de sitios \u201cdetenidos en el tiempo\u201d para luego embarcar en la m\u00e1gica experiencia del TREN A LAS NUBES, que se manifiesta en todo su esplendor al arribar al imponente viaducto en la precordillera de los Andes.<\/p>\n<p>No solo combinamos paisajes y sensaciones, sino tambi\u00e9n relatos y experiencias, que nos llevan a revivir la epopeya de la construcci\u00f3n ferroviaria, all\u00e1 por el a\u00f1o 1.920 iniciada por el Ingeniero Richard Fontain Maury, alma mater del proyecto, como tambi\u00e9n conocer pueblos detenidos en el tiempo en arm\u00f3nica convivencia con la monta\u00f1a.<\/p>\n<p>&nbsp;<\/p>\n<h4 style=\"text-align: center\"><strong><em>La Reserva queda Sujeta a Disponibilidad de Lugares en el Servicio del Tren a las Nubes. Consultar por Disponibilidad por Whatsapp\u00a0<\/em><\/strong><\/h4>\n<hr \/>\n<section id=\"cancelacion\"><\/section>\n<h3><\/h3>\n<p>&nbsp;<\/p>\n<h3><strong>CANCELACION<\/strong><\/h3>\n<h4 class=\"et_pb_toggle_title\">CONDICIONES Y POL\u00cdTICAS DE CANCELACI\u00d3N \/ DEVOLUCI\u00d3N \/ CAMBIO DE FECHA<\/h4>\n<div class=\"et_pb_toggle_content clearfix\">\n<p><strong>Multa sobre el precio total del pasaje<\/strong><\/p>\n<div class=\"table-responsive\">\n<table class=\"table table-bordered\">\n<tbody>\n<tr>\n<td><em>D\u00edas antes de la salida<\/em><\/td>\n<td>\n<p align=\"center\"><em>60 o m\u00e1s<\/em><\/p>\n<\/td>\n<td>\n<p align=\"center\"><em>59 a 30<\/em><\/p>\n<\/td>\n<td>\n<p align=\"center\"><em>29 a 8<\/em><\/p>\n<\/td>\n<td>\n<p align=\"center\"><em>7 a 2<\/em><\/p>\n<\/td>\n<\/tr>\n<tr>\n<td><em>Cancelaci\u00f3n<\/em><\/td>\n<td>\n<p align=\"center\">Sin cargo<\/p>\n<\/td>\n<td>\n<p align=\"center\">Multa del 20%.<\/p>\n<\/td>\n<td>\n<p align=\"center\">Multa del 40%.<\/p>\n<\/td>\n<td>\n<p align=\"center\">Multa del 100%.<\/p>\n<\/td>\n<\/tr>\n<tr>\n<td><em>Modificaci\u00f3n de fecha<\/em><\/td>\n<td>\n<p align=\"center\">Sin cargo<\/p>\n<\/td>\n<td>\n<p align=\"center\">Multa del 10%.<\/p>\n<\/td>\n<td>\n<p align=\"center\">Multa del 30%.<\/p>\n<\/td>\n<td>\n<p align=\"center\">Multa del 50%.<\/p>\n<\/td>\n<\/tr>\n<tr>\n<td><em>Cambio de nombre<\/em><\/td>\n<td>\n<p align=\"center\">Multa del 10%<\/p>\n<\/td>\n<td>\n<p align=\"center\">Multa del 20%.<\/p>\n<\/td>\n<td>\n<p align=\"center\">Multa del 30%.<\/p>\n<\/td>\n<td>\n<p align=\"center\">Multa del 40%.<\/p>\n<\/td>\n<\/tr>\n<tr>\n<td><em>Cambio de producto<\/em><\/td>\n<td>\n<p align=\"center\">Sin cargo<\/p>\n<\/td>\n<td>\n<p align=\"center\">Multa del 10%.<\/p>\n<\/td>\n<td>\n<p align=\"center\">Multa del 10%.<\/p>\n<\/td>\n<td>\n<p align=\"center\">Multa del 20%.<\/p>\n<\/td>\n<\/tr>\n<\/tbody>\n<\/table>\n<p><em><strong>Nota un d\u00eda antes de la salida no se permite cambio de fecha, modificaci\u00f3n, ni cancelaci\u00f3n.<\/strong><\/em><\/p>\n<\/div>\n<\/div>\n","protected":false},"excerpt":{"rendered":"<p><strong>SERVICIO BUS-TREN-BUS Salidas: Martes \/ Jueves \/ S\u00e1bados.<\/strong><br \/>\nNo solo combinamos paisajes y sensaciones, sino tambi\u00e9n relatos y experiencias, que nos llevan a revivir la epopeya de la construcci\u00f3n ferroviaria, all\u00e1 por el a\u00f1o 1.920 iniciada por el Ingeniero Richard Fontain Maury.<\/p>\n<p>&nbsp;<\/p>\n","protected":false},"featured_media":11186,"comment_status":"open","ping_status":"closed","template":"","meta":{"_et_pb_use_builder":"off","_et_pb_old_content":"<section id=\"itinerario\"><\/section>\r\n<h3>Itinerario<\/h3>\r\n<strong>SERVICIO BUS-TREN-BUS:<\/strong> Salidas: Martes \/ Jueves \/ S\u00e1bados\r\n<strong>Duraci\u00f3n:<\/strong> 15 horas aprox\r\n<strong>Recorrido total<\/strong> 440 km\r\n<strong>Altura m\u00e1xima<\/strong> 4220 msnm\r\n<strong>Idiomas Disponibles:<\/strong> Espa\u00f1ol\r\n<strong>Salida:<\/strong> Desde la Estaci\u00f3n de Trenes de Salta\r\n\r\n<hr \/>\r\n\r\n<section id=\"descripcion\"><\/section>&nbsp;\r\n<h1><em><strong>TARIFAS PARA VIAJAR DESDE<\/strong><strong> NOVIEMBRE A DICIEMBRE 2024<\/strong><\/em><\/h1>\r\n<h3><em><strong>Tarifas validas desde el 01 NOVIEMBRE A 31 DE DICIEMBRE 2024<\/strong><\/em><\/h3>\r\n<h2><b>Promociones Efectivo \/ Debito \/ Transferencias \/ Tarjeta de Credito en 1 Cuota<\/b><\/h2>\r\n<h2><b>$ 119.000 (Tarifa Adulto Argentino Residente)<\/b><\/h2>\r\nTarifa Promocional v\u00e1lida para pagos en Efectivo \/ Debito \/\u00a0 Dep\u00f3sito \/ Transferencia Bancaria (Opci\u00f3n Solo valida para Cuentas Argentinas en Pesos Argentinos). <strong><i>TARIFAS VALIDAS DESDE EL 01 de SEPTIEMBRE HASTA 31 DE DICIEMBRE\u00a0 2024<\/i><\/strong>. Aplica a Reservas Realizadas con 3 (Tres) D\u00edas de Anticipaci\u00f3n a la Realizaci\u00f3n del Servicio.\r\n\r\n<em><strong>PARA PODER ACCEDER A ESTA TARIFA PROMOCIONAL SOLICITAR POR WHATSAPP LOS DATOS DE CUENTA BANCARIA O BOTON DE PAGO<\/strong><\/em>\r\n<h3><b>Promociones para Pago en Cuotas con Tarjetas de Cr\u00e9dito\u00a0<\/b><b><\/b><\/h3>\r\n<ul>\r\n \t<li><b>Promoci\u00f3n para Pagos en 3 Cuotas: <\/b>$ 132.200 (Con Tarjetas Visa \/ MasterCard Bancarizadas - Solicitar Boton de Pago por WhatsApp)<\/li>\r\n \t<li><b>Promoci\u00f3n para Pagos en 6 Cuotas: <\/b>$ 143.000 (Con Tarjetas Visa \/ MasterCard Bancarizadas - Solicitar Boton de Pago por WhatsApp)<\/li>\r\n<\/ul>\r\n<strong><i>TARIFAS VALIDAS DESDE 01 DE SEPTIEMBRE\u00a0 HASTA 31 DE DICIEMBRE\u00a0 2024<\/i><\/strong>\r\n<h1><em><strong>TARIFAS PARA VIAJAR DESDE<\/strong><strong> ENERO A MARZO 2025 -<\/strong><\/em><\/h1>\r\n<h3><em><strong>Tarifas validas desde el 01 ENERO A 31 MARZO 2025<\/strong><\/em><\/h3>\r\n<h2><b>Promociones Efectivo \/ Transferencias \/ 1 Cuota<\/b><\/h2>\r\n<h2><b>$ 142.500 (Tarifa Adulto Argentino Residente)<\/b><\/h2>\r\nTarifa Promocional v\u00e1lida para pagos en Efectivo \/ Debito \/\u00a0 Dep\u00f3sito \/ Transferencia Bancaria (Opci\u00f3n Solo valida para Cuentas Argentinas en Pesos Argentinos). <strong><i>TARIFAS VALIDAS DESDE EL 01 de ENERO HASTA 31 DE MARZO 2025<\/i><\/strong>. Aplica a Reservas Realizadas con 3 (Tres) D\u00edas de Anticipaci\u00f3n a la Realizaci\u00f3n del Servicio.\r\n\r\n<em><strong>PARA PODER ACCEDER A ESTA TARIFA PROMOCIONAL SOLICITAR POR WHATSAPP LOS DATOS DE CUENTA BANCARIA O BOTON DE PAGO<\/strong><\/em>\r\n<h3><b>Promociones para Pago en Cuotas con Tarjetas de Cr\u00e9dito\u00a0<\/b><b><\/b><\/h3>\r\n<ul>\r\n \t<li><b>Promoci\u00f3n para Pagos en 3 Cuotas: <\/b>$ 158.300 (Con Tarjetas Visa \/ MasterCard Bancarizadas - Solicitar Boton de Pago por WhatsApp)<\/li>\r\n \t<li><b>Promoci\u00f3n para Pagos en 6 Cuotas: <\/b>$ 167.700 (Con Tarjetas Visa \/ MasterCard Bancarizadas - Solicitar Boton de Pago por WhatsApp)<\/li>\r\n<\/ul>\r\n<strong><i>TARIFAS VALIDAS DESDE 01 DE ENERO HASTA 31 DE MARZO 2025<\/i><\/strong>\r\n<h4 style=\"text-align: center\"><\/h4>\r\n\r\n<hr \/>\r\n\r\n&nbsp;\r\n\r\n<section id=\"servicios\"><\/section>\r\n<h3>Servicios<\/h3>\r\n<strong>Incluye<\/strong>\r\nRecepci\u00f3n del pasajero.\r\nEntrega del programa de viaje.\r\nGuiado a cargo de anfitriones en carretera.\r\nTraslado a San Antonio de los Cobres (SAC) en bus.\r\nDesayuno campestre que consta de infusiones y aperitivos regionales (Fundaci\u00f3n Alfarcito).\r\nGuiado a bordo del Tren a las Nubes a cargo de anfitriones.\r\nCeremonia a la bandera en el Viaducto La Polvorilla.\r\nTraslado desde Estaci\u00f3n SAC a los puntos de encuentro en el centro del pueblo.\r\nTraslado desde SAC a la Ciudad de Salta.\r\nMerienda\r\nServicio de limpieza a bordo del Tren.\r\nSeguridad a bordo del Tren.\r\nBus de respaldo.\r\n\r\n<strong>Coberturas<\/strong>\r\nAsistencia m\u00e9dica en carretera y a bordo del Tren a cargo de personal del SAMEC.\r\nSeguimiento v\u00eda carretera de camionetas 4\u00d74.\r\nLa empresa posee un plan de contingencias con participaci\u00f3n del sector p\u00fablico y privado.\r\nCada pasajero cuenta con una cobertura m\u00e9dica en caso de imprevistos.\r\n\r\n<hr \/>\r\n\r\n<section id=\"promos\"><\/section>&nbsp;\r\n<h3>Descripci\u00f3n<\/h3>\r\n<ul>\r\n \t<li><strong>Horario de Salida: Opci\u00f3n 1<\/strong> \u2013 Debe estar en la estaci\u00f3n de Trenes de Salta a las 06:00 am \/ Horario de Regreso: 21:00 hs Aprox (Primera Salida del Tren)<\/li>\r\n<\/ul>\r\nProponemos un viaje \u00fanico y especial que combina sus servicios en dos tramos: Ruta nacional 51, con paradas fotogr\u00e1ficas en puntos panor\u00e1micos de sitios \u201cdetenidos en el tiempo\u201d para luego embarcar en la m\u00e1gica experiencia del TREN A LAS NUBES, que se manifiesta en todo su esplendor al arribar al imponente viaducto en la precordillera de los Andes.\r\n\r\nNo solo combinamos paisajes y sensaciones, sino tambi\u00e9n relatos y experiencias, que nos llevan a revivir la epopeya de la construcci\u00f3n ferroviaria, all\u00e1 por el a\u00f1o 1.920 iniciada por el Ingeniero Richard Fontain Maury, alma mater del proyecto, como tambi\u00e9n conocer pueblos detenidos en el tiempo en arm\u00f3nica convivencia con la monta\u00f1a.\r\n<h4 style=\"text-align: center\"><strong><em>La Reserva queda Sujeta a Disponibilidad de Lugares en el Servicio del Tren a las Nubes. Consultar por Disponibilidad por Whatsapp\u00a0<\/em><\/strong><\/h4>\r\n\r\n<hr \/>\r\n\r\n&nbsp;\r\n\r\n<section id=\"cancelacion\"><\/section>\r\n<h3><\/h3>\r\n<h3><strong>CANCELACION<\/strong><\/h3>\r\n<h4 class=\"et_pb_toggle_title\">CONDICIONES Y POL\u00cdTICAS DE CANCELACI\u00d3N \/ DEVOLUCI\u00d3N \/ CAMBIO DE FECHA<\/h4>\r\n<div class=\"et_pb_toggle_content clearfix\">\r\n\r\n<strong>Multa sobre el precio total del pasaje<\/strong>\r\n<div class=\"table-responsive\">\r\n<table class=\"table table-bordered\">\r\n<tbody>\r\n<tr>\r\n<td><em>D\u00edas antes de la salida<\/em><\/td>\r\n<td>\r\n<p align=\"center\"><em>60 o m\u00e1s<\/em><\/p>\r\n<\/td>\r\n<td>\r\n<p align=\"center\"><em>59 a 30<\/em><\/p>\r\n<\/td>\r\n<td>\r\n<p align=\"center\"><em>29 a 8<\/em><\/p>\r\n<\/td>\r\n<td>\r\n<p align=\"center\"><em>7 a 2<\/em><\/p>\r\n<\/td>\r\n<\/tr>\r\n<tr>\r\n<td><em>Cancelaci\u00f3n<\/em><\/td>\r\n<td>\r\n<p align=\"center\">Sin cargo<\/p>\r\n<\/td>\r\n<td>\r\n<p align=\"center\">Multa del 20%.<\/p>\r\n<\/td>\r\n<td>\r\n<p align=\"center\">Multa del 40%.<\/p>\r\n<\/td>\r\n<td>\r\n<p align=\"center\">Multa del 100%.<\/p>\r\n<\/td>\r\n<\/tr>\r\n<tr>\r\n<td><em>Modificaci\u00f3n de fecha<\/em><\/td>\r\n<td>\r\n<p align=\"center\">Sin cargo<\/p>\r\n<\/td>\r\n<td>\r\n<p align=\"center\">Multa del 10%.<\/p>\r\n<\/td>\r\n<td>\r\n<p align=\"center\">Multa del 30%.<\/p>\r\n<\/td>\r\n<td>\r\n<p align=\"center\">Multa del 50%.<\/p>\r\n<\/td>\r\n<\/tr>\r\n<tr>\r\n<td><em>Cambio de nombre<\/em><\/td>\r\n<td>\r\n<p align=\"center\">Multa del 10%<\/p>\r\n<\/td>\r\n<td>\r\n<p align=\"center\">Multa del 20%.<\/p>\r\n<\/td>\r\n<td>\r\n<p align=\"center\">Multa del 30%.<\/p>\r\n<\/td>\r\n<td>\r\n<p align=\"center\">Multa del 40%.<\/p>\r\n<\/td>\r\n<\/tr>\r\n<tr>\r\n<td><em>Cambio de producto<\/em><\/td>\r\n<td>\r\n<p align=\"center\">Sin cargo<\/p>\r\n<\/td>\r\n<td>\r\n<p align=\"center\">Multa del 10%.<\/p>\r\n<\/td>\r\n<td>\r\n<p align=\"center\">Multa del 10%.<\/p>\r\n<\/td>\r\n<td>\r\n<p align=\"center\">Multa del 20%.<\/p>\r\n<\/td>\r\n<\/tr>\r\n<\/tbody>\r\n<\/table>\r\n&nbsp;\r\n\r\n<em><strong>Nota un d\u00eda antes de la salida no se permite cambio de fecha, modificaci\u00f3n, ni cancelaci\u00f3n.<\/strong><\/em>\r\n\r\n<\/div>\r\n<\/div>","_et_gb_content_width":""},"product_cat":[18],"product_tag":[],"_links":{"self":[{"href":"https:\/\/www.tiamartravel.com.ar\/es\/wp-json\/wp\/v2\/product\/14480"}],"collection":[{"href":"https:\/\/www.tiamartravel.com.ar\/es\/wp-json\/wp\/v2\/product"}],"about":[{"href":"https:\/\/www.tiamartravel.com.ar\/es\/wp-json\/wp\/v2\/types\/product"}],"replies":[{"embeddable":true,"href":"https:\/\/www.tiamartravel.com.ar\/es\/wp-json\/wp\/v2\/comments?post=14480"}],"wp:featuredmedia":[{"embeddable":true,"href":"https:\/\/www.tiamartravel.com.ar\/es\/wp-json\/wp\/v2\/media\/11186"}],"wp:attachment":[{"href":"https:\/\/www.tiamartravel.com.ar\/es\/wp-json\/wp\/v2\/media?parent=14480"}],"wp:term":[{"taxonomy":"product_cat","embeddable":true,"href":"https:\/\/www.tiamartravel.com.ar\/es\/wp-json\/wp\/v2\/product_cat?post=14480"},{"taxonomy":"product_tag","embeddable":true,"href":"https:\/\/www.tiamartravel.com.ar\/es\/wp-json\/wp\/v2\/product_tag?post=14480"}],"curies":[{"name":"wp","href":"https:\/\/api.w.org\/{rel}","templated":true}]}}